{"id":417,"date":"2024-01-12T16:58:00","date_gmt":"2024-01-12T15:58:00","guid":{"rendered":"https:\/\/svedu.de\/german\/?page_id=417"},"modified":"2024-12-22T20:41:59","modified_gmt":"2024-12-22T19:41:59","slug":"digital-art","status":"publish","type":"page","link":"https:\/\/svedu.de\/german\/digital-art\/","title":{"rendered":"digital art"},"content":{"rendered":"\n<div class=\"wp-block-columns is-layout-flex wp-container-core-columns-is-layout-9d6595d7 wp-block-columns-is-layout-flex\">\n<div class=\"wp-block-column is-layout-flow wp-block-column-is-layout-flow\" style=\"flex-basis:50%\">\n<figure style=\"padding-top:0;padding-bottom:0\" class=\"wp-block-video\"><video controls loop src=\"https:\/\/svedu.de\/wp-content\/uploads\/2024\/12\/transformations.mp4\"><\/video><figcaption class=\"wp-element-caption\">Doppelklick f\u00fcr Vollbildschirm<\/figcaption><\/figure>\n<\/div>\n\n\n\n<div class=\"wp-block-column is-layout-flow wp-block-column-is-layout-flow\" style=\"flex-basis:50%\">\n<h3 class=\"wp-block-heading\">transformations<\/h3>\n\n\n\n<p class=\"has-small-font-size\">Ein Video von KI Transformationen meiner Kunstwerke.<\/p>\n\n\n\n<p><\/p>\n<\/div>\n<\/div>\n\n\n\n<div style=\"height:12px\" aria-hidden=\"true\" class=\"wp-block-spacer\"><\/div>\n\n\n\n<div class=\"wp-block-columns is-layout-flex wp-container-core-columns-is-layout-9d6595d7 wp-block-columns-is-layout-flex\">\n<div class=\"wp-block-column is-layout-flow wp-block-column-is-layout-flow\" style=\"flex-basis:50%\">\n<figure class=\"wp-block-image size-full\"><a href=\"https:\/\/svedu.de\/jelly.html\"><img decoding=\"async\" src=\"https:\/\/svedu.de\/wp-content\/uploads\/2024\/04\/jelly.jpg\" alt=\"\" class=\"wp-image-532\"\/><\/a><\/figure>\n<\/div>\n\n\n\n<div class=\"wp-block-column is-layout-flow wp-block-column-is-layout-flow\" style=\"flex-basis:50%\">\n<h3 class=\"wp-block-heading\" style=\"padding-top:0;padding-bottom:0\"><a href=\"https:\/\/svedu.de\/jelly.html\">jelly<\/a><\/h3>\n\n\n\n<p class=\"has-small-font-size\">Set parameters to manipulate some fluid jelly which create amazing shapes.<\/p>\n\n\n\n<p><\/p>\n<\/div>\n<\/div>\n\n\n\n<div style=\"height:26px\" aria-hidden=\"true\" class=\"wp-block-spacer\"><\/div>\n\n\n\n<div class=\"wp-block-columns is-layout-flex wp-container-core-columns-is-layout-9d6595d7 wp-block-columns-is-layout-flex\">\n<div class=\"wp-block-column is-layout-flow wp-block-column-is-layout-flow\" style=\"flex-basis:50%\">\n<figure class=\"wp-block-image size-full\"><a href=\"https:\/\/svedu.de\/stripes.html\"><img decoding=\"async\" src=\"https:\/\/svedu.de\/wp-content\/uploads\/2024\/01\/stripes.jpg\" alt=\"\" class=\"wp-image-500\"\/><\/a><\/figure>\n<\/div>\n\n\n\n<div class=\"wp-block-column is-layout-flow wp-block-column-is-layout-flow\" style=\"flex-basis:50%\">\n<h3 class=\"wp-block-heading\" style=\"padding-top:0;padding-bottom:0\"><a href=\"https:\/\/svedu.de\/stripes.html\">stripes<\/a><\/h3>\n\n\n\n<p class=\"has-small-font-size\">Erstellen Sie bunte, sich bewegende Streifen. \u00c4ndern Sie die Parameter und erstellen Sie eine harmonische Animation.<\/p>\n\n\n\n<p><\/p>\n<\/div>\n<\/div>\n\n\n\n<div style=\"height:9px\" aria-hidden=\"true\" class=\"wp-block-spacer\"><\/div>\n\n\n\n<div class=\"wp-block-columns is-layout-flex wp-container-core-columns-is-layout-9d6595d7 wp-block-columns-is-layout-flex\">\n<div class=\"wp-block-column is-layout-flow wp-block-column-is-layout-flow\">\n<figure class=\"wp-block-image size-full\"><a href=\"https:\/\/svedu.de\/waves.html\"><img decoding=\"async\" src=\"https:\/\/svedu.de\/wp-content\/uploads\/2024\/01\/waves-1.jpg\" alt=\"\" class=\"wp-image-480\"\/><\/a><\/figure>\n<\/div>\n\n\n\n<div class=\"wp-block-column is-layout-flow wp-block-column-is-layout-flow\">\n<h3 class=\"wp-block-heading\"><a href=\"https:\/\/svedu.de\/waves.html\">waves<\/a><\/h3>\n\n\n\n<p class=\"has-small-font-size\">Eine fasszinieende Animation von berechneten Wellen. Sie k\u00f6nnen die Farben der n\u00e4chsten Welle \u00e4ndern.<\/p>\n<\/div>\n<\/div>\n\n\n\n<div style=\"height:22px\" aria-hidden=\"true\" class=\"wp-block-spacer\"><\/div>\n\n\n\n<div class=\"wp-block-columns is-layout-flex wp-container-core-columns-is-layout-9d6595d7 wp-block-columns-is-layout-flex\">\n<div class=\"wp-block-column is-layout-flow wp-block-column-is-layout-flow\" style=\"flex-basis:50%\">\n<figure class=\"wp-block-image size-full\"><a href=\"https:\/\/svedu.de\/flocks.html\"><img decoding=\"async\" src=\"https:\/\/svedu.de\/wp-content\/uploads\/2024\/01\/swarm.jpg\" alt=\"\" class=\"wp-image-483\"\/><\/a><\/figure>\n<\/div>\n\n\n\n<div class=\"wp-block-column is-layout-flow wp-block-column-is-layout-flow\" style=\"flex-basis:50%\">\n<h3 class=\"wp-block-heading\" style=\"padding-top:0;padding-bottom:0\"><a href=\"https:\/\/svedu.de\/flocks.html\">the swarm<\/a><\/h3>\n\n\n\n<p class=\"has-small-font-size\">Ein interaktiver Schwarm. \u00c4ndern Sie die Parameter und lassen Sie den Schwarm Ihren Bildschirm f\u00e4rben. Klicken Sie mit der Maus, um den Schwarm zu manipulieren.<\/p>\n\n\n\n<p><\/p>\n<\/div>\n<\/div>\n\n\n\n<div class=\"wp-block-columns is-layout-flex wp-container-core-columns-is-layout-9d6595d7 wp-block-columns-is-layout-flex\">\n<div class=\"wp-block-column is-layout-flow wp-block-column-is-layout-flow\" style=\"flex-basis:50%\">\n<figure class=\"wp-block-image size-full\"><a href=\"https:\/\/svedu.de\/orbits.html\"><img loading=\"lazy\" decoding=\"async\" width=\"1283\" height=\"856\" src=\"https:\/\/svedu.de\/german\/wp-content\/uploads\/sites\/2\/2024\/04\/circles.jpg\" alt=\"\" class=\"wp-image-431\" srcset=\"https:\/\/svedu.de\/german\/wp-content\/uploads\/sites\/2\/2024\/04\/circles.jpg 1283w, https:\/\/svedu.de\/german\/wp-content\/uploads\/sites\/2\/2024\/04\/circles-300x200.jpg 300w, https:\/\/svedu.de\/german\/wp-content\/uploads\/sites\/2\/2024\/04\/circles-1024x683.jpg 1024w, https:\/\/svedu.de\/german\/wp-content\/uploads\/sites\/2\/2024\/04\/circles-768x512.jpg 768w\" sizes=\"auto, (max-width: 1283px) 100vw, 1283px\" \/><\/a><\/figure>\n<\/div>\n\n\n\n<div class=\"wp-block-column is-layout-flow wp-block-column-is-layout-flow\" style=\"flex-basis:50%\">\n<h3 class=\"wp-block-heading\" style=\"padding-top:0;padding-bottom:0\"><a href=\"https:\/\/svedu.de\/orbits.html\">circles<\/a><\/h3>\n\n\n\n<p class=\"has-small-font-size\">Erstellen Sie rotierende Kreise und beobachten Sie, wie sie damit faszinierende Linien zeichnen.<\/p>\n\n\n\n<p><\/p>\n<\/div>\n<\/div>\n\n\n\n<h3 class=\"wp-block-heading\"><\/h3>\n","protected":false},"excerpt":{"rendered":"<p>transformations Ein Video von KI Transformationen meiner Kunstwerke. jelly Set parameters to manipulate some fluid jelly which create amazing shapes. stripes Erstellen Sie bunte, sich bewegende Streifen. \u00c4ndern Sie die Parameter und erstellen Sie eine harmonische Animation. waves Eine fasszinieende Animation von berechneten Wellen. Sie k\u00f6nnen die Farben der n\u00e4chsten Welle \u00e4ndern. the swarm Ein&hellip; <a class=\"more-link\" href=\"https:\/\/svedu.de\/german\/digital-art\/\"><span class=\"screen-reader-text\">digital art<\/span> weiterlesen<\/a><\/p>\n","protected":false},"author":1,"featured_media":0,"parent":0,"menu_order":0,"comment_status":"closed","ping_status":"closed","template":"","meta":{"footnotes":""},"class_list":["post-417","page","type-page","status-publish","hentry","entry"],"_links":{"self":[{"href":"https:\/\/svedu.de\/german\/wp-json\/wp\/v2\/pages\/417","targetHints":{"allow":["GET"]}}],"collection":[{"href":"https:\/\/svedu.de\/german\/wp-json\/wp\/v2\/pages"}],"about":[{"href":"https:\/\/svedu.de\/german\/wp-json\/wp\/v2\/types\/page"}],"author":[{"embeddable":true,"href":"https:\/\/svedu.de\/german\/wp-json\/wp\/v2\/users\/1"}],"replies":[{"embeddable":true,"href":"https:\/\/svedu.de\/german\/wp-json\/wp\/v2\/comments?post=417"}],"version-history":[{"count":11,"href":"https:\/\/svedu.de\/german\/wp-json\/wp\/v2\/pages\/417\/revisions"}],"predecessor-version":[{"id":464,"href":"https:\/\/svedu.de\/german\/wp-json\/wp\/v2\/pages\/417\/revisions\/464"}],"wp:attachment":[{"href":"https:\/\/svedu.de\/german\/wp-json\/wp\/v2\/media?parent=417"}],"curies":[{"name":"wp","href":"https:\/\/api.w.org\/{rel}","templated":true}]}}