{"id":130,"date":"2022-08-09T16:41:33","date_gmt":"2022-08-09T14:41:33","guid":{"rendered":"https:\/\/svedu.de\/?page_id=130"},"modified":"2024-09-18T18:15:55","modified_gmt":"2024-09-18T16:15:55","slug":"about","status":"publish","type":"page","link":"https:\/\/svedu.de\/german\/about\/","title":{"rendered":"info"},"content":{"rendered":"\n<div class=\"wp-block-columns is-layout-flex wp-container-core-columns-is-layout-9d6595d7 wp-block-columns-is-layout-flex\">\n<div class=\"wp-block-column is-layout-flow wp-block-column-is-layout-flow\">\n<p class=\"has-text-align-center has-text-color has-small-font-size\" style=\"color:#3d8190\">&#8220; <em>as a physicist, i stand amazed in the world of colors wondering which laws of nature may apply here<\/em> &#8222;<\/p>\n\n\n\n<p>Svend Dunkhorst ist ein deutscher K\u00fcnstler, der f\u00fcr seine Gem\u00e4lde bekannt ist, die zwischen Gegenst\u00e4ndlichkeit und Abstraktion wechseln.<\/p>\n<\/div>\n\n\n\n<div class=\"wp-block-column is-layout-flow wp-block-column-is-layout-flow\"><div class=\"wp-block-image is-style-default\">\n<figure class=\"alignright size-full is-resized\"><img loading=\"lazy\" decoding=\"async\" width=\"2560\" height=\"2560\" src=\"https:\/\/svedu.de\/german\/wp-content\/uploads\/sites\/2\/2024\/09\/svedu_final-scaled.jpg\" alt=\"\" class=\"wp-image-450\" style=\"aspect-ratio:1.0236966824644549;width:290px;height:auto\" srcset=\"https:\/\/svedu.de\/german\/wp-content\/uploads\/sites\/2\/2024\/09\/svedu_final-scaled.jpg 2560w, https:\/\/svedu.de\/german\/wp-content\/uploads\/sites\/2\/2024\/09\/svedu_final-300x300.jpg 300w, https:\/\/svedu.de\/german\/wp-content\/uploads\/sites\/2\/2024\/09\/svedu_final-1024x1024.jpg 1024w, https:\/\/svedu.de\/german\/wp-content\/uploads\/sites\/2\/2024\/09\/svedu_final-150x150.jpg 150w, https:\/\/svedu.de\/german\/wp-content\/uploads\/sites\/2\/2024\/09\/svedu_final-768x768.jpg 768w, https:\/\/svedu.de\/german\/wp-content\/uploads\/sites\/2\/2024\/09\/svedu_final-1536x1536.jpg 1536w, https:\/\/svedu.de\/german\/wp-content\/uploads\/sites\/2\/2024\/09\/svedu_final-2048x2048.jpg 2048w, https:\/\/svedu.de\/german\/wp-content\/uploads\/sites\/2\/2024\/09\/svedu_final-1568x1568.jpg 1568w\" sizes=\"auto, (max-width: 2560px) 100vw, 2560px\" \/><\/figure>\n<\/div><\/div>\n<\/div>\n\n\n\n<p>Svend Dunkhorst lebt und arbeitet in D\u00fcsseldorf und hat sich schon immer sowohl f\u00fcr Wissenschaft als auch f\u00fcr Kunst interessiert. Der grafische Eindruck eines Werks war f\u00fcr ihn immer ein sehr wichtiger Punkt, und so begann er anfangs als Grafikdesigner zu arbeiten und auch in dieser Richtung zu studieren. Unzufrieden mit den Aufgaben, die diese T\u00e4tigkeiten mit sich brachten, schlug er schlie\u00dflich eine wissenschaftliche Laufbahn ein und wurde Physiker und sp\u00e4ter Softwareingenieur.<br>W\u00e4hrend er jahrzehntelang auf wissenschaftlicher Basis gearbeitet hatte, war die Kunst trotzdem sein st\u00e4ndiger Begleiter, sei es als Maler, Designer oder Musiker.<\/p>\n\n\n\n<p>Im Jahr 2020 beschloss er, sich ganz der Kunst zuzuwenden.<\/p>\n\n\n\n<p>Viele seiner aktuellen Werke kombinieren geometrische Elemente wie Kreise und Polygone sowie leichte Farbverl\u00e4ufe mit kr\u00e4ftigen Farbfl\u00e4chen und subtilen Formen.<\/p>\n\n\n\n<p>Durch die scheinbare Spontaneit\u00e4t und Verspieltheit seiner Arbeiten erwecken viele Werke den Eindruck, aus dem Nichts entstanden zu sein; der durchdachte Einsatz der verwendeten Materialien hingegen offenbart die konzeptionelle Komplexit\u00e4t seiner Arbeiten.<\/p>\n\n\n\n<p>Kr\u00e4ftige Pigmente aus einer reduzierten Palette, grobe Spachtelmasse die gesamte Leinwand bedeckend, verspielte Pinselstriche sorgf\u00e4ltig in sparsamen, aber lebendigen Kompositionen gesetzt &#8211; all dies entf\u00fchrt den Betrachter in eine virtuelle Welt in der man geradezu eingeladen wird seine eigenen subjektiven Geschichten und Gedanken hierin wiederzufinden.<\/p>\n\n\n\n<p><\/p>\n\n\n\n<p><\/p>\n\n\n\n<p><\/p>\n\n\n\n<p><\/p>\n\n\n\n<p><\/p>\n","protected":false},"excerpt":{"rendered":"<p>&#8220; as a physicist, i stand amazed in the world of colors wondering which laws of nature may apply here &#8222; Svend Dunkhorst ist ein deutscher K\u00fcnstler, der f\u00fcr seine Gem\u00e4lde bekannt ist, die zwischen Gegenst\u00e4ndlichkeit und Abstraktion wechseln. Svend Dunkhorst lebt und arbeitet in D\u00fcsseldorf und hat sich schon immer sowohl f\u00fcr Wissenschaft als&hellip; <a class=\"more-link\" href=\"https:\/\/svedu.de\/german\/about\/\"><span class=\"screen-reader-text\">info<\/span> weiterlesen<\/a><\/p>\n","protected":false},"author":1,"featured_media":0,"parent":0,"menu_order":0,"comment_status":"closed","ping_status":"closed","template":"","meta":{"footnotes":""},"class_list":["post-130","page","type-page","status-publish","hentry","entry"],"_links":{"self":[{"href":"https:\/\/svedu.de\/german\/wp-json\/wp\/v2\/pages\/130","targetHints":{"allow":["GET"]}}],"collection":[{"href":"https:\/\/svedu.de\/german\/wp-json\/wp\/v2\/pages"}],"about":[{"href":"https:\/\/svedu.de\/german\/wp-json\/wp\/v2\/types\/page"}],"author":[{"embeddable":true,"href":"https:\/\/svedu.de\/german\/wp-json\/wp\/v2\/users\/1"}],"replies":[{"embeddable":true,"href":"https:\/\/svedu.de\/german\/wp-json\/wp\/v2\/comments?post=130"}],"version-history":[{"count":19,"href":"https:\/\/svedu.de\/german\/wp-json\/wp\/v2\/pages\/130\/revisions"}],"predecessor-version":[{"id":455,"href":"https:\/\/svedu.de\/german\/wp-json\/wp\/v2\/pages\/130\/revisions\/455"}],"wp:attachment":[{"href":"https:\/\/svedu.de\/german\/wp-json\/wp\/v2\/media?parent=130"}],"curies":[{"name":"wp","href":"https:\/\/api.w.org\/{rel}","templated":true}]}}